{"id":194,"date":"2017-12-21T12:49:12","date_gmt":"2017-12-21T11:49:12","guid":{"rendered":"http:\/\/unibio.ma\/unibio\/?page_id=194"},"modified":"2017-12-21T12:49:12","modified_gmt":"2017-12-21T11:49:12","slug":"prelevement-a-domicile","status":"publish","type":"page","link":"https:\/\/www.unibio.ma\/unibio\/prelevement-a-domicile\/","title":{"rendered":"Pr\u00e9l\u00e8vement \u00e0 domicile"},"content":{"rendered":"","protected":false},"excerpt":{"rendered":"","protected":false},"author":1,"featured_media":92,"parent":0,"menu_order":0,"comment_status":"closed","ping_status":"closed","template":"","meta":{"footnotes":""},"aioseo_notices":[],"_links":{"self":[{"href":"https:\/\/www.unibio.ma\/unibio\/wp-json\/wp\/v2\/pages\/194"}],"collection":[{"href":"https:\/\/www.unibio.ma\/unibio\/wp-json\/wp\/v2\/pages"}],"about":[{"href":"https:\/\/www.unibio.ma\/unibio\/wp-json\/wp\/v2\/types\/page"}],"author":[{"embeddable":true,"href":"https:\/\/www.unibio.ma\/unibio\/wp-json\/wp\/v2\/users\/1"}],"replies":[{"embeddable":true,"href":"https:\/\/www.unibio.ma\/unibio\/wp-json\/wp\/v2\/comments?post=194"}],"version-history":[{"count":0,"href":"https:\/\/www.unibio.ma\/unibio\/wp-json\/wp\/v2\/pages\/194\/revisions"}],"wp:featuredmedia":[{"embeddable":true,"href":"https:\/\/www.unibio.ma\/unibio\/wp-json\/"}],"wp:attachment":[{"href":"https:\/\/www.unibio.ma\/unibio\/wp-json\/wp\/v2\/media?parent=194"}],"curies":[{"name":"wp","href":"https:\/\/api.w.org\/{rel}","templated":true}]}}