{"id":476,"date":"2026-05-05T17:06:48","date_gmt":"2026-05-05T15:06:48","guid":{"rendered":"https:\/\/www.unibio.ma\/unibio\/?page_id=476"},"modified":"2026-05-05T17:21:34","modified_gmt":"2026-05-05T15:21:34","slug":"politique-qualite","status":"publish","type":"page","link":"https:\/\/www.unibio.ma\/unibio\/politique-qualite\/","title":{"rendered":"Politique qualit\u00e9"},"content":{"rendered":"\n<div style=\"height:100px\" aria-hidden=\"true\" class=\"wp-block-spacer\"><\/div>\n\n\n\n<p>Le Centre de Biologie UNIBIO, laboratoire d\u2019analyses m\u00e9dicales sp\u00e9cialis\u00e9es et de procr\u00e9ation m\u00e9dicalement assist\u00e9e, fond\u00e9 en 1990 par le&nbsp;<strong>Dr. SLIMANI Sa\u00eff El Islam<\/strong>, s\u2019engage \u00e0 fournir des prestations fiables, s\u00e9curis\u00e9es et conformes aux bonnes pratiques de la biologie m\u00e9dicale.<\/p>\n\n\n\n<p>Notre comp\u00e9tence est reconnue par notre certification ISO 9001, notre ambition est d&rsquo;acqu\u00e9rir l\u2019accr\u00e9ditation selon la norme ISO 15189 dans les sous-domaines de la biologie m\u00e9dicale.<\/p>\n\n\n\n<p>Dans ce cadre, la Direction s\u2019engage \u00e0 :<\/p>\n\n\n\n<ul>\n<li><strong>Assurer la conformit\u00e9 aux exigences l\u00e9gales, r\u00e9glementaires et normatives applicables \u00e0 nos activit\u00e9s, ainsi qu\u2019aux exigences des autorit\u00e9s de tutelle.<\/strong><\/li>\n\n\n\n<li><strong>Identifier, comprendre et satisfaire les besoins et attentes des parties int\u00e9ress\u00e9es pertinentes, notamment les patients, prescripteurs, partenaires, fournisseurs, personnels et autorit\u00e9s r\u00e9glementaires.<\/strong><\/li>\n\n\n\n<li><strong>Garantir la fiabilit\u00e9, la tra\u00e7abilit\u00e9 et la ma\u00eetrise de l\u2019ensemble des processus li\u00e9s \u00e0 la r\u00e9alisation des analyses.<\/strong><\/li>\n\n\n\n<li><strong>Assurer la confidentialit\u00e9, l\u2019impartialit\u00e9 et l\u2019int\u00e9grit\u00e9 des r\u00e9sultats.<\/strong><\/li>\n\n\n\n<li><strong>Am\u00e9liorer en permanence l\u2019efficacit\u00e9 du Syst\u00e8me de Management de la Qualit\u00e9.<\/strong><\/li>\n\n\n\n<li><strong>D\u00e9velopper les comp\u00e9tences du personnel par la formation continue, l\u2019innovation et le respect des bonnes pratiques professionnelles.<\/strong><\/li>\n\n\n\n<li><strong>Mettre \u00e0 disposition les ressources humaines, techniques et mat\u00e9rielles n\u00e9cessaires \u00e0 l\u2019atteinte des objectifs qualit\u00e9.<\/strong><\/li>\n<\/ul>\n\n\n\n<p>La Direction veille \u00e0 la communication, \u00e0 la compr\u00e9hension et \u00e0 l\u2019application de la pr\u00e9sente politique \u00e0 tous les niveaux de l\u2019organisation.<\/p>\n\n\n\n<p>Cette politique est revue p\u00e9riodiquement afin de garantir son ad\u00e9quation avec le contexte de l\u2019organisme et ses orientations strat\u00e9giques.<\/p>\n\n\n\n<div style=\"height:100px\" aria-hidden=\"true\" class=\"wp-block-spacer\"><\/div>\n","protected":false},"excerpt":{"rendered":"<p>Le Centre de Biologie UNIBIO, laboratoire d\u2019analyses m\u00e9dicales sp\u00e9cialis\u00e9es et de procr\u00e9ation m\u00e9dicalement assist\u00e9e, fond\u00e9 en 1990 par le&nbsp;Dr. SLIMANI Sa\u00eff El Islam, s\u2019engage \u00e0 fournir<span class=\"excerpt-hellip\"> [\u2026]<\/span><\/p>\n","protected":false},"author":1,"featured_media":0,"parent":0,"menu_order":0,"comment_status":"closed","ping_status":"closed","template":"","meta":{"footnotes":""},"aioseo_notices":[],"_links":{"self":[{"href":"https:\/\/www.unibio.ma\/unibio\/wp-json\/wp\/v2\/pages\/476"}],"collection":[{"href":"https:\/\/www.unibio.ma\/unibio\/wp-json\/wp\/v2\/pages"}],"about":[{"href":"https:\/\/www.unibio.ma\/unibio\/wp-json\/wp\/v2\/types\/page"}],"author":[{"embeddable":true,"href":"https:\/\/www.unibio.ma\/unibio\/wp-json\/wp\/v2\/users\/1"}],"replies":[{"embeddable":true,"href":"https:\/\/www.unibio.ma\/unibio\/wp-json\/wp\/v2\/comments?post=476"}],"version-history":[{"count":2,"href":"https:\/\/www.unibio.ma\/unibio\/wp-json\/wp\/v2\/pages\/476\/revisions"}],"predecessor-version":[{"id":480,"href":"https:\/\/www.unibio.ma\/unibio\/wp-json\/wp\/v2\/pages\/476\/revisions\/480"}],"wp:attachment":[{"href":"https:\/\/www.unibio.ma\/unibio\/wp-json\/wp\/v2\/media?parent=476"}],"curies":[{"name":"wp","href":"https:\/\/api.w.org\/{rel}","templated":true}]}}